{"id":596,"date":"2016-12-07T15:09:12","date_gmt":"2016-12-07T14:09:12","guid":{"rendered":"http:\/\/dev.grobblechservice.de\/impressum\/"},"modified":"2023-09-01T08:11:01","modified_gmt":"2023-09-01T06:11:01","slug":"imprint","status":"publish","type":"page","link":"https:\/\/grobblechservice.de\/en\/imprint\/","title":{"rendered":"Imprint"},"content":{"rendered":"<h1>Site Notice<\/h1>\n<h2>Information pursuant to Sect. 5 German Telemedia Act (TMG)<\/h2>\n<p>UnionStahl Nord GmbH<br \/>\nHemelinger Hafendamm 19A<br \/>\n28309 Bremen<\/p>\n<p>Commercial Register: HRB 39451 HB<br \/>\nRegistration court: Bremen<\/p>\n<p><strong>Represented by:<\/strong><br \/>\nAndreas Breitmoser<br \/>\nNorman Sandrock<\/p>\n<h2>Contact<\/h2>\n<p>Phone:\u00a0 +49 (0)421 \/ 48 40 192 \u2013 0<br \/>\nE-mail: &#x6e;&#x6f;&#x72;&#x64;&#x40;&#x75;&#x6e;&#x69;&#x6f;&#x6e;&#x73;&#x74;&#x61;&#x68;&#108;&#46;&#99;&#111;&#109;<\/p>\n<h2>VAT ID<\/h2>\n<p>Sales tax identification number according to Sect. 27 a of the Sales Tax Law:<br \/>\nDE273390619<\/p>\n<h2>EU dispute resolution<\/h2>\n<p>The European Commission provides a platform for online dispute resolution (ODR): <a href=\"https:\/\/ec.europa.eu\/consumers\/odr\/\" target=\"_blank\" rel=\"noopener noreferrer\">https:\/\/ec.europa.eu\/consumers\/odr\/<\/a>.<br \/>\nOur e-mail address can be found above in the site notice.<\/p>\n<h2>Dispute resolution proceedings in front of a consumer arbitration board<\/h2>\n<p>We participate in a dispute settlement procedure before a consumer arbitration board. The competent consumer arbitration board is Zentrum f\u00fcr Schlichtung e.V., Stra\u00dfburger Stra\u00dfe 8, 77694 Kehl am Rhein (<a href=\"https:\/\/www.verbraucher-schlichter.de\" target=\"_blank\" rel=\"noopener noreferrer\">https:\/\/www.verbraucher-schlichter.de<\/a>).<\/p>\n","protected":false},"excerpt":{"rendered":"<p>Site Notice Information pursuant to Sect. 5 German Telemedia Act (TMG) UnionStahl Nord GmbH Hemelinger Hafendamm 19A 28309 Bremen Commercial Register: HRB 39451 HB Registration court: Bremen Represented by: Andreas Breitmoser Norman Sandrock Contact Phone:\u00a0 +49 (0)421 \/ 48 40 192 \u2013 0 E-mail: &#x6e;o&#x72;&#100;&#x40;&#117;n&#x69;o&#x6e;&#115;&#x74;&#97;h&#x6c;&#46;&#x63;&#111;m VAT ID Sales tax identification number according to Sect. 27 [&hellip;]<\/p>\n","protected":false},"author":1,"featured_media":0,"parent":0,"menu_order":110,"comment_status":"closed","ping_status":"closed","template":"","meta":{"_monsterinsights_skip_tracking":false,"_monsterinsights_sitenote_active":false,"_monsterinsights_sitenote_note":"","_monsterinsights_sitenote_category":0},"_links":{"self":[{"href":"https:\/\/grobblechservice.de\/en\/wp-json\/wp\/v2\/pages\/596"}],"collection":[{"href":"https:\/\/grobblechservice.de\/en\/wp-json\/wp\/v2\/pages"}],"about":[{"href":"https:\/\/grobblechservice.de\/en\/wp-json\/wp\/v2\/types\/page"}],"author":[{"embeddable":true,"href":"https:\/\/grobblechservice.de\/en\/wp-json\/wp\/v2\/users\/1"}],"replies":[{"embeddable":true,"href":"https:\/\/grobblechservice.de\/en\/wp-json\/wp\/v2\/comments?post=596"}],"version-history":[{"count":6,"href":"https:\/\/grobblechservice.de\/en\/wp-json\/wp\/v2\/pages\/596\/revisions"}],"predecessor-version":[{"id":1587,"href":"https:\/\/grobblechservice.de\/en\/wp-json\/wp\/v2\/pages\/596\/revisions\/1587"}],"wp:attachment":[{"href":"https:\/\/grobblechservice.de\/en\/wp-json\/wp\/v2\/media?parent=596"}],"curies":[{"name":"wp","href":"https:\/\/api.w.org\/{rel}","templated":true}]}}